{"id":1075,"date":"2020-10-15T21:21:38","date_gmt":"2020-10-15T21:21:38","guid":{"rendered":"http:\/\/www.metrolong.hu\/?page_id=1075"},"modified":"2020-10-15T21:38:02","modified_gmt":"2020-10-15T21:38:02","slug":"kalibration-von-magnetpulverrissprufgeraten","status":"publish","type":"page","link":"https:\/\/www.metrolong.hu\/de\/messtechnik\/kalibration-von-magnetpulverrissprufgeraten\/","title":{"rendered":"Kalibration von Magnetpulverrisspr\u00fcfger\u00e4ten"},"content":{"rendered":"<p align=\"justify\">Diese T\u00e4tigkeit bedeutet ein Messprozess, als die Pr\u00fcfger\u00e4te selbst gepr\u00fcft und gemessen werden. Um genau messen zu k\u00f6nnen, m\u00fcssen wir die Messf\u00e4higkeit unserer Messger\u00e4te kennen. Diese Dienstleistung hilft dazu, dass dadurch die Messfehler der Messger\u00e4te dokumentiert werden k\u00f6nnen.<\/p><p align=\"justify\"> Die Ben\u00fctzer bekommt ein Pr\u00fcfzertifikat \u00fcber sein Messger\u00e4t und damit ist er in der Lage, entscheiden zu k\u00f6nnen, welche Messaufgaben mit dem Messger\u00e4t durchgef\u00fchrt werden k\u00f6nnen, und muss das auch entscheiden, wann er die Kalibration erneuern will. Unsere Kunden sind von Firmen, die das zertifiziertes Qualit\u00e4ts-Managementsystem haben, da diese T\u00e4tigkeit eng in ihre Systeme integriert sind.<span style=\"font-family: arial, Arial, Helvetica, sans-serif; font-size: 14px; font-style: normal; font-variant-ligatures: normal; font-variant-caps: normal; font-weight: 400;\">&nbsp;Die Zertifizierung des bekannten Herstellers KARL DEUTSCH Pr\u00fcf- und Messger\u00e4tebau GmbH + Co KG zeigt eindeutig die ordnungsgem\u00e4\u00dfe Qualit\u00e4t unserer Kalibrierleistungen.<\/span><\/p><hr><p><div class=\"one_third\"><\/p><p><span class=\"responsive\"><img loading=\"lazy\" decoding=\"async\" class=\"alignnone size-full wp-image-1049\" src=\"http:\/\/www.metrolong.hu\/mtrlng17\/wp-content\/uploads\/MagnesPadKeret.jpg\" alt=\" Magnetpulverrisspr\u00fcfger\u00e4ten\" width=\"446\" height=\"282\" srcset=\"https:\/\/www.metrolong.hu\/mtrlng17\/wp-content\/uploads\/MagnesPadKeret.jpg 446w, https:\/\/www.metrolong.hu\/mtrlng17\/wp-content\/uploads\/MagnesPadKeret-300x190.jpg 300w\" sizes=\"(max-width: 446px) 100vw, 446px\" \/><\/span><\/p><p><\/div><\/p><p><div class=\"two_third last\"><\/p><h2 align=\"justify\">Magnetpulverrisspr\u00fcfger\u00e4ten<\/h2><p><\/div><div class=\"clear\"><\/div><\/p><hr><p><div class=\"one_third\"><\/p><p><span class=\"responsive\"><img loading=\"lazy\" decoding=\"async\" class=\"alignnone size-full wp-image-1048\" src=\"http:\/\/www.metrolong.hu\/mtrlng17\/wp-content\/uploads\/JaromMagnesKeret.jpg\" alt=\" Handmagnete\" width=\"348\" height=\"291\" srcset=\"https:\/\/www.metrolong.hu\/mtrlng17\/wp-content\/uploads\/JaromMagnesKeret.jpg 348w, https:\/\/www.metrolong.hu\/mtrlng17\/wp-content\/uploads\/JaromMagnesKeret-300x251.jpg 300w\" sizes=\"(max-width: 348px) 100vw, 348px\" \/><\/span><\/p><p><\/div><\/p><p><div class=\"two_third last\"><\/p><h2>Handmagnete<\/h2><p><\/div><div class=\"clear\"><\/div><\/p><p><\/p><p><\/p>","protected":false},"excerpt":{"rendered":"<p>Diese T\u00e4tigkeit bedeutet ein Messprozess, als die Pr\u00fcfger\u00e4te selbst gepr\u00fcft und gemessen werden. Um genau messen zu k\u00f6nnen, m\u00fcssen wir die Messf\u00e4higkeit unserer Messger\u00e4te kennen. Diese Dienstleistung hilft dazu, dass\u2026 <a href=\"https:\/\/www.metrolong.hu\/de\/messtechnik\/kalibration-von-magnetpulverrissprufgeraten\/\" class=\"read-more-link\">weiterlesen &rarr;<\/a><\/p>\n","protected":false},"author":2,"featured_media":0,"parent":524,"menu_order":0,"comment_status":"closed","ping_status":"closed","template":"page-fullwidth.php","meta":{"footnotes":""},"_links":{"self":[{"href":"https:\/\/www.metrolong.hu\/de\/wp-json\/wp\/v2\/pages\/1075"}],"collection":[{"href":"https:\/\/www.metrolong.hu\/de\/wp-json\/wp\/v2\/pages"}],"about":[{"href":"https:\/\/www.metrolong.hu\/de\/wp-json\/wp\/v2\/types\/page"}],"author":[{"embeddable":true,"href":"https:\/\/www.metrolong.hu\/de\/wp-json\/wp\/v2\/users\/2"}],"replies":[{"embeddable":true,"href":"https:\/\/www.metrolong.hu\/de\/wp-json\/wp\/v2\/comments?post=1075"}],"version-history":[{"count":1,"href":"https:\/\/www.metrolong.hu\/de\/wp-json\/wp\/v2\/pages\/1075\/revisions"}],"predecessor-version":[{"id":1076,"href":"https:\/\/www.metrolong.hu\/de\/wp-json\/wp\/v2\/pages\/1075\/revisions\/1076"}],"up":[{"embeddable":true,"href":"https:\/\/www.metrolong.hu\/de\/wp-json\/wp\/v2\/pages\/524"}],"wp:attachment":[{"href":"https:\/\/www.metrolong.hu\/de\/wp-json\/wp\/v2\/media?parent=1075"}],"curies":[{"name":"wp","href":"https:\/\/api.w.org\/{rel}","templated":true}]}}