{"id":513,"date":"2014-03-18T16:19:35","date_gmt":"2014-03-18T16:19:35","guid":{"rendered":"http:\/\/www.metrolong.hu\/mtrlng17\/?page_id=513"},"modified":"2020-01-17T14:30:32","modified_gmt":"2020-01-17T14:30:32","slug":"langenmessung-als-dienstleistung","status":"publish","type":"page","link":"https:\/\/www.metrolong.hu\/de\/messtechnik\/langenmessung-als-dienstleistung\/","title":{"rendered":"L\u00e4ngenmessung als Dienstleistung"},"content":{"rendered":"<p align=\"justify\">Wir k\u00f6nnen gem. Zeichnung Werkst\u00fccke abmessen und kontrollieren und ein Protokoll ausstellen.<\/p>\n<p align=\"justify\">Oberfl\u00e4chenrauhigkeitsmessung, Schichtdickenmessung und Dimensionspr\u00fcfung von Schwei\u00dfn\u00e4hten k\u00f6nnen wir auch durchf\u00fchren.<\/p>\n<p><span class=\"responsive\"><img loading=\"lazy\" decoding=\"async\" class=\"alignleft\" alt=\"Hosszm\u00e9r\u00e9si szolg\u00e1ltat\u00e1s title=\" src=\"http:\/\/www.metrolong.hu\/mtrlng17\/wp-content\/uploads\/178-565-01A_2019.jpg\" width=\"250\" height=\"187\" \/><\/span><br \/>\n<span class=\"responsive\"><img decoding=\"async\" class=\"alignleft\" alt=\"Hosszm\u00e9r\u00e9si szolg\u00e1ltat\u00e1s title=\" src=\"http:\/\/www.metrolong.hu\/mtrlng17\/wp-content\/uploads\/2042-und-Sonde1.gif\"\/><\/span><\/p>\n","protected":false},"excerpt":{"rendered":"<p>Wir k\u00f6nnen gem. Zeichnung Werkst\u00fccke abmessen und kontrollieren und ein Protokoll ausstellen. Oberfl\u00e4chenrauhigkeitsmessung, Schichtdickenmessung und Dimensionspr\u00fcfung von Schwei\u00dfn\u00e4hten k\u00f6nnen wir auch durchf\u00fchren.<\/p>\n","protected":false},"author":3,"featured_media":0,"parent":524,"menu_order":0,"comment_status":"closed","ping_status":"closed","template":"page-fullwidth.php","meta":{"footnotes":""},"_links":{"self":[{"href":"https:\/\/www.metrolong.hu\/de\/wp-json\/wp\/v2\/pages\/513"}],"collection":[{"href":"https:\/\/www.metrolong.hu\/de\/wp-json\/wp\/v2\/pages"}],"about":[{"href":"https:\/\/www.metrolong.hu\/de\/wp-json\/wp\/v2\/types\/page"}],"author":[{"embeddable":true,"href":"https:\/\/www.metrolong.hu\/de\/wp-json\/wp\/v2\/users\/3"}],"replies":[{"embeddable":true,"href":"https:\/\/www.metrolong.hu\/de\/wp-json\/wp\/v2\/comments?post=513"}],"version-history":[{"count":3,"href":"https:\/\/www.metrolong.hu\/de\/wp-json\/wp\/v2\/pages\/513\/revisions"}],"predecessor-version":[{"id":1003,"href":"https:\/\/www.metrolong.hu\/de\/wp-json\/wp\/v2\/pages\/513\/revisions\/1003"}],"up":[{"embeddable":true,"href":"https:\/\/www.metrolong.hu\/de\/wp-json\/wp\/v2\/pages\/524"}],"wp:attachment":[{"href":"https:\/\/www.metrolong.hu\/de\/wp-json\/wp\/v2\/media?parent=513"}],"curies":[{"name":"wp","href":"https:\/\/api.w.org\/{rel}","templated":true}]}}