{"id":515,"date":"2014-03-18T16:13:22","date_gmt":"2014-03-18T16:13:22","guid":{"rendered":"http:\/\/www.metrolong.hu\/mtrlng17\/?page_id=515"},"modified":"2014-04-18T21:05:13","modified_gmt":"2014-04-18T21:05:13","slug":"uberwachung-von-messgeraten","status":"publish","type":"page","link":"https:\/\/www.metrolong.hu\/de\/messtechnik\/uberwachung-von-messgeraten\/","title":{"rendered":"\u00dcberwachung von Messger\u00e4ten"},"content":{"rendered":"<p style=\"text-align: justify;\">Laut Kundenvertrag, k\u00f6nnen wir die Kalibrierung, den Transport, die Zertifizierung, die Reparatur, und die Besorgung den Messger\u00e4ten durchf\u00fchren.<\/p>\n","protected":false},"excerpt":{"rendered":"<p>Laut Kundenvertrag, k\u00f6nnen wir die Kalibrierung, den Transport, die Zertifizierung, die Reparatur, und die Besorgung den Messger\u00e4ten durchf\u00fchren.<\/p>\n","protected":false},"author":3,"featured_media":0,"parent":524,"menu_order":0,"comment_status":"closed","ping_status":"closed","template":"page-fullwidth.php","meta":{"footnotes":""},"_links":{"self":[{"href":"https:\/\/www.metrolong.hu\/de\/wp-json\/wp\/v2\/pages\/515"}],"collection":[{"href":"https:\/\/www.metrolong.hu\/de\/wp-json\/wp\/v2\/pages"}],"about":[{"href":"https:\/\/www.metrolong.hu\/de\/wp-json\/wp\/v2\/types\/page"}],"author":[{"embeddable":true,"href":"https:\/\/www.metrolong.hu\/de\/wp-json\/wp\/v2\/users\/3"}],"replies":[{"embeddable":true,"href":"https:\/\/www.metrolong.hu\/de\/wp-json\/wp\/v2\/comments?post=515"}],"version-history":[{"count":2,"href":"https:\/\/www.metrolong.hu\/de\/wp-json\/wp\/v2\/pages\/515\/revisions"}],"predecessor-version":[{"id":678,"href":"https:\/\/www.metrolong.hu\/de\/wp-json\/wp\/v2\/pages\/515\/revisions\/678"}],"up":[{"embeddable":true,"href":"https:\/\/www.metrolong.hu\/de\/wp-json\/wp\/v2\/pages\/524"}],"wp:attachment":[{"href":"https:\/\/www.metrolong.hu\/de\/wp-json\/wp\/v2\/media?parent=515"}],"curies":[{"name":"wp","href":"https:\/\/api.w.org\/{rel}","templated":true}]}}