{"id":516,"date":"2014-03-13T11:24:43","date_gmt":"2014-03-13T11:24:43","guid":{"rendered":"http:\/\/www.metrolong.hu\/mtrlng17\/?page_id=516"},"modified":"2014-04-18T20:28:22","modified_gmt":"2014-04-18T20:28:22","slug":"werkstoffprufmitteln","status":"publish","type":"page","link":"https:\/\/www.metrolong.hu\/de\/vertrieb\/werkstoffprufmitteln\/","title":{"rendered":"Werkstoffpr\u00fcfmitteln"},"content":{"rendered":"<div class=\"two_third\">\n<h2>Vertrieb von Werkstoffpr\u00fcfmitteln und Hilfsstoffen:<\/h2>\n<p>&#8211; R\u00f6ntgenfilm und Chemikalien von Kodak<br \/>\n&#8211; Entwickler und Fixiermittel von Tetenal<\/p>\n<\/div>\n<div class=\"one_third last\">\n<p><img loading=\"lazy\" decoding=\"async\" class=\"alignright size-full wp-image-353\" alt=\"Vertrieb von Werkstoffpr\u00fcfmitteln und Hilfsstoffen\" src=\"http:\/\/www.metrolong.hu\/mtrlng17\/wp-content\/uploads\/rontgenfilm.jpg\" width=\"350\" height=\"191\" srcset=\"https:\/\/www.metrolong.hu\/mtrlng17\/wp-content\/uploads\/rontgenfilm.jpg 350w, https:\/\/www.metrolong.hu\/mtrlng17\/wp-content\/uploads\/rontgenfilm-300x163.jpg 300w\" sizes=\"(max-width: 350px) 100vw, 350px\" \/><\/p>\n<\/div>\n<div class=\"clear\"><\/div>\n<div class=\"hr hr3\" style='margin:10px 0px 10px 0px !important;'><\/div>\n<p>&nbsp;<\/p>\n<div class=\"two_third\">\n<h2>Fest\u00e9kes reped\u00e9svizsg\u00e1l\u00f3 anyagok:<\/h2>\n<p>&#8211; Farbstoffe, fluoreszierende Penetratants f\u00fcr die Magnetpulverfehlererkennung von Karl Deutsch<br \/>\n&#8211; &#8230; \u00e9s ezek fluoreszk\u00e1l\u00f3s<br \/>\nv\u00e1ltozatai<\/p>\n<\/div>\n<div class=\"one_third last\">\n<p><img loading=\"lazy\" decoding=\"async\" class=\"alignright size-full wp-image-329\" alt=\"Vizsg\u00e1l\u00f3anyagok\" src=\"http:\/\/www.metrolong.hu\/mtrlng17\/wp-content\/uploads\/vizsgaloanyagok.jpg\" width=\"282\" height=\"204\" \/><\/p>\n<\/div>\n<div class=\"clear\"><\/div>\n","protected":false},"excerpt":{"rendered":"<p>Vertrieb von Werkstoffpr\u00fcfmitteln und Hilfsstoffen: &#8211; R\u00f6ntgenfilm und Chemikalien von Kodak &#8211; Entwickler und Fixiermittel von Tetenal &nbsp; Fest\u00e9kes reped\u00e9svizsg\u00e1l\u00f3 anyagok: &#8211; Farbstoffe, fluoreszierende Penetratants f\u00fcr die Magnetpulverfehlererkennung von Karl\u2026 <a href=\"https:\/\/www.metrolong.hu\/de\/vertrieb\/werkstoffprufmitteln\/\" class=\"read-more-link\">weiterlesen &rarr;<\/a><\/p>\n","protected":false},"author":3,"featured_media":0,"parent":828,"menu_order":0,"comment_status":"closed","ping_status":"closed","template":"page-fullwidth.php","meta":{"footnotes":""},"_links":{"self":[{"href":"https:\/\/www.metrolong.hu\/de\/wp-json\/wp\/v2\/pages\/516"}],"collection":[{"href":"https:\/\/www.metrolong.hu\/de\/wp-json\/wp\/v2\/pages"}],"about":[{"href":"https:\/\/www.metrolong.hu\/de\/wp-json\/wp\/v2\/types\/page"}],"author":[{"embeddable":true,"href":"https:\/\/www.metrolong.hu\/de\/wp-json\/wp\/v2\/users\/3"}],"replies":[{"embeddable":true,"href":"https:\/\/www.metrolong.hu\/de\/wp-json\/wp\/v2\/comments?post=516"}],"version-history":[{"count":3,"href":"https:\/\/www.metrolong.hu\/de\/wp-json\/wp\/v2\/pages\/516\/revisions"}],"predecessor-version":[{"id":687,"href":"https:\/\/www.metrolong.hu\/de\/wp-json\/wp\/v2\/pages\/516\/revisions\/687"}],"up":[{"embeddable":true,"href":"https:\/\/www.metrolong.hu\/de\/wp-json\/wp\/v2\/pages\/828"}],"wp:attachment":[{"href":"https:\/\/www.metrolong.hu\/de\/wp-json\/wp\/v2\/media?parent=516"}],"curies":[{"name":"wp","href":"https:\/\/api.w.org\/{rel}","templated":true}]}}