{"id":523,"date":"2014-02-27T08:54:28","date_gmt":"2014-02-27T08:54:28","guid":{"rendered":"http:\/\/www.metrolong.hu\/mtrlng17\/?page_id=523"},"modified":"2024-01-31T11:56:54","modified_gmt":"2024-01-31T10:56:54","slug":"referenzen","status":"publish","type":"page","link":"https:\/\/www.metrolong.hu\/de\/referenzen\/","title":{"rendered":"Referenzen"},"content":{"rendered":"<p align=\"justify\"><img loading=\"lazy\" decoding=\"async\" class=\"alignright size-full wp-image-264\" src=\"http:\/\/www.metrolong.hu\/mtrlng17\/wp-content\/uploads\/referenciak.jpg\" alt=\"Referenzen\" width=\"144\" height=\"240\" \/>Wir sind schon von Anfang an mit dem Ziel gestartet, den Anspr\u00fcchen des Anziehungsbezirks in Kalibrierung und Materialpr\u00fcfung Gen\u00fcge zu tun. Die Klientel unsere Kalibrierungsaktivit\u00e4t ist zahlreicher und auch geographisch breiter, mit einer j\u00e4hrlichen Anzahl von Kunden \u00fcber hundert.<\/p>\n<p align=\"justify\">Die Anzahl der Kalibrierungen, die im Rahmen der Zusammenarbeit mit Subunternehmern durchgef\u00fchrt sind, ist gr\u00f6\u00dfer als der Anzahl der selbst ausgef\u00fchrten Kalibrierungen.<\/p>\n<p align=\"justify\">Die Klientel der Materialpr\u00fcfungsaktivit\u00e4t mit der zusammenh\u00e4ngigen Verkaufsaktivit\u00e4t ist enger, aber dieses Service operiert mit gr\u00f6\u00dferen Bestellungen.<\/p>\n<p align=\"justify\"><em><u>Signifikante Ultraschallpr\u00fcfungsarbeiten:<\/u><\/em><\/p>\n<p>&#8211; Pr\u00fcfung den Scwei\u00dfnahten der Eisenbahnbr\u00fccke von Zalaegerszeg<br \/>\n&#8211; Pr\u00fcfung den Scwei\u00dfnahten von 2 stk 1000 m<sup>3<\/sup> Kubikinhalt Druckgef\u00e4\u00df in DKG<br \/>\n&#8211; Grundmaterialpr\u00fcfung von \u00d6l-Anlagen den LOG Oiltools und Log Valve GmbH<br \/>\n&#8211; Pr\u00fcfung den Scwei\u00dfnahten von Druckgef\u00e4\u00df der Uniferro GmbH<br \/>\n&#8211; Pr\u00fcfung den Scwei\u00dfnahten von Stahlkonstruktionen der Vegs GmbH<br \/>\n&#8211; Grundmaterialpr\u00fcfung (Platten) bei FM. Vas GmbH<br \/>\n&#8211; Pr\u00fcfung den Scwei\u00dfnahten von Stahlkonstruktionen der G\u00e9p \u00e9s Ferrotech GmbH<br \/>\n&#8211; Pr\u00fcfung den Scwei\u00dfnahten von Stahlkonstruktionen der Femat GmbH<\/p>\n<p><em>Topliste unseren Kunden (in 2023):<\/em><\/p>\n<ul>\n<li><strong>Oiltech Kft.<\/strong><\/li>\n<li><strong>Rheinmetall Zrt.<\/strong><\/li>\n<li><strong>Flextronics Kft.<\/strong><\/li>\n<li><strong>Resideo Kft.<\/strong><\/li>\n<li><strong>Aut\u00f3l\u00edv Kft.<\/strong><\/li>\n<li><strong>Honeywell Szab\u00e1lyoz\u00e1stechnikai Kft.<\/strong><\/li>\n<li><strong>New Konstrukt\u00edv Kft.<\/strong><\/li>\n<li><strong>AQ Anton Kft.<\/strong><\/li>\n<li><strong>Siemens Energy Kft.<\/strong><\/li>\n<li><strong>Pnh Kft.<\/strong><\/li>\n<\/ul>\n","protected":false},"excerpt":{"rendered":"<p>Wir sind schon von Anfang an mit dem Ziel gestartet, den Anspr\u00fcchen des Anziehungsbezirks in Kalibrierung und Materialpr\u00fcfung Gen\u00fcge zu tun. Die Klientel unsere Kalibrierungsaktivit\u00e4t ist zahlreicher und auch geographisch\u2026 <a href=\"https:\/\/www.metrolong.hu\/de\/referenzen\/\" class=\"read-more-link\">weiterlesen &rarr;<\/a><\/p>\n","protected":false},"author":3,"featured_media":0,"parent":0,"menu_order":0,"comment_status":"closed","ping_status":"closed","template":"page-fullwidth.php","meta":{"footnotes":""},"_links":{"self":[{"href":"https:\/\/www.metrolong.hu\/de\/wp-json\/wp\/v2\/pages\/523"}],"collection":[{"href":"https:\/\/www.metrolong.hu\/de\/wp-json\/wp\/v2\/pages"}],"about":[{"href":"https:\/\/www.metrolong.hu\/de\/wp-json\/wp\/v2\/types\/page"}],"author":[{"embeddable":true,"href":"https:\/\/www.metrolong.hu\/de\/wp-json\/wp\/v2\/users\/3"}],"replies":[{"embeddable":true,"href":"https:\/\/www.metrolong.hu\/de\/wp-json\/wp\/v2\/comments?post=523"}],"version-history":[{"count":7,"href":"https:\/\/www.metrolong.hu\/de\/wp-json\/wp\/v2\/pages\/523\/revisions"}],"predecessor-version":[{"id":1410,"href":"https:\/\/www.metrolong.hu\/de\/wp-json\/wp\/v2\/pages\/523\/revisions\/1410"}],"wp:attachment":[{"href":"https:\/\/www.metrolong.hu\/de\/wp-json\/wp\/v2\/media?parent=523"}],"curies":[{"name":"wp","href":"https:\/\/api.w.org\/{rel}","templated":true}]}}