{"id":525,"date":"2014-02-27T08:53:45","date_gmt":"2014-02-27T08:53:45","guid":{"rendered":"http:\/\/www.metrolong.hu\/mtrlng17\/?page_id=525"},"modified":"2023-03-28T19:37:49","modified_gmt":"2023-03-28T19:37:49","slug":"qualifikationen","status":"publish","type":"page","link":"https:\/\/www.metrolong.hu\/de\/qualifikationen\/","title":{"rendered":"Qualifikationen"},"content":{"rendered":"<ul>\r\n<li><img loading=\"lazy\" decoding=\"async\" class=\"size-full wp-image-169 alignright\" src=\"http:\/\/www.metrolong.hu\/mtrlng17\/wp-content\/uploads\/minosites.jpg\" alt=\"Qualifikationen\" width=\"144\" height=\"240\">Kalibrationen sind ein wesentlicher Bestandteil unserer t\u00e4glichen Arbeit. Diese wurde uns durch die Zulassung und Zertifizierung durch die Nationale Akkreditierende K\u00f6rperschaft (NAT) gem. Norm MSZ EN 45001:1990 zugelassen, Erwerb seit dem November 2000.<\/li>\r\n<\/ul>\r\n<ul>\r\n<li><strong>Nummer der Zulassung: 502\/0090.<\/strong><\/li>\r\n<\/ul>\r\n<ul>\r\n<li>Am 9. Dezember 2009 wurde unsere Firma gem. Norm MSZ EN ISO\/IEC 17025:2005 akkreditiert. Am 24. Dezember 2020 haben wir unsere Akkreditierung gem\u00e4\u00df den Normen MSZ EN ISO \/ IEC 17025: 2018 erneuert.<\/li>\r\n<\/ul>\r\n<ul>\r\n<li><strong>Nummer der Zulassung: <a href=\"http:\/\/www.metrolong.hu\/mtrlng17\/wp-content\/uploads\/O-221124-2-0172-2023-UA-GZsZs-24293837-a-1.pdf\" target=\"_blank\" rel=\"noopener noreferrer\">Akkreditierungsurkunde<\/a>&nbsp;|&nbsp;<a href=\"http:\/\/www.metrolong.hu\/mtrlng17\/wp-content\/uploads\/RO1-221124-2-0172-2023-UA-GZsZs-24293837_a.pdf\" target=\"_blank\" rel=\"noopener noreferrer\">Ausf\u00fchrliche Urkunde NAH-2-0172\/2023<\/a><\/strong><\/li>\r\n<\/ul>\r\n<ul>\r\n<li>Am 25. September 2020 haben wir die deutsche KARL Deutsch Pr\u00fcf- und Messgeratebau GmbH + Co KG <strong><a href=\"http:\/\/www.metrolong.hu\/mtrlng17\/wp-content\/uploads\/doc06072620230328093001.pdf\" target=\"_blank\" rel=\"noopener noreferrer\">Zertifizierung<\/a><\/strong> f\u00fcr die Kalibrierung von Magnetpr\u00fcfger\u00e4ten (magnettisch, handmagnete) erhalten.<\/li>\r\n<\/ul>\r\n\r\n\r\n<p><\/p>\r\n","protected":false},"excerpt":{"rendered":"<p>Kalibrationen sind ein wesentlicher Bestandteil unserer t\u00e4glichen Arbeit. Diese wurde uns durch die Zulassung und Zertifizierung durch die Nationale Akkreditierende K\u00f6rperschaft (NAT) gem. Norm MSZ EN 45001:1990 zugelassen, Erwerb seit\u2026 <a href=\"https:\/\/www.metrolong.hu\/de\/qualifikationen\/\" class=\"read-more-link\">weiterlesen &rarr;<\/a><\/p>\n","protected":false},"author":3,"featured_media":0,"parent":0,"menu_order":0,"comment_status":"closed","ping_status":"closed","template":"page-fullwidth.php","meta":{"footnotes":""},"_links":{"self":[{"href":"https:\/\/www.metrolong.hu\/de\/wp-json\/wp\/v2\/pages\/525"}],"collection":[{"href":"https:\/\/www.metrolong.hu\/de\/wp-json\/wp\/v2\/pages"}],"about":[{"href":"https:\/\/www.metrolong.hu\/de\/wp-json\/wp\/v2\/types\/page"}],"author":[{"embeddable":true,"href":"https:\/\/www.metrolong.hu\/de\/wp-json\/wp\/v2\/users\/3"}],"replies":[{"embeddable":true,"href":"https:\/\/www.metrolong.hu\/de\/wp-json\/wp\/v2\/comments?post=525"}],"version-history":[{"count":9,"href":"https:\/\/www.metrolong.hu\/de\/wp-json\/wp\/v2\/pages\/525\/revisions"}],"predecessor-version":[{"id":1160,"href":"https:\/\/www.metrolong.hu\/de\/wp-json\/wp\/v2\/pages\/525\/revisions\/1160"}],"wp:attachment":[{"href":"https:\/\/www.metrolong.hu\/de\/wp-json\/wp\/v2\/media?parent=525"}],"curies":[{"name":"wp","href":"https:\/\/api.w.org\/{rel}","templated":true}]}}