{"id":526,"date":"2014-02-27T08:53:22","date_gmt":"2014-02-27T08:53:22","guid":{"rendered":"http:\/\/www.metrolong.hu\/mtrlng17\/?page_id=526"},"modified":"2023-03-29T09:59:05","modified_gmt":"2023-03-29T09:59:05","slug":"kontakt","status":"publish","type":"page","link":"https:\/\/www.metrolong.hu\/de\/kontakt\/","title":{"rendered":"Kontakt"},"content":{"rendered":"<div class=\"google-maps\">\n<iframe src=\"https:\/\/www.google.com\/maps\/embed?pb=!1m18!1m12!1m3!1d2728.3252190236344!2d16.822573315803048!3d46.856971979142145!2m3!1f0!2f0!3f0!3m2!1i1024!2i768!4f13.1!3m3!1m2!1s0x476929b164fad41b%3A0xad5ab8bb79ba5998!2sMetrolong%20Kalibr%C3%A1l%C3%B3%20laborat%C3%B3rium!5e0!3m2!1shu!2shu!4v1680083133246!5m2!1shu!2shu\" width=\"100%\" height=\"300\" style=\"border:0;\" allowfullscreen=\"\" loading=\"lazy\" referrerpolicy=\"no-referrer-when-downgrade\"><\/iframe>\n<\/div>\n<div class=\"gap\" style=\"height: 40px;\"><\/div>\n<h3 class=\"title\"><span>Kontakt<\/span><\/h3>\n<p><strong>Postadresse:<\/strong> H-8900 Zalaegerszeg, G\u00e9b\u00e1rti \u00fat 87., Ungarn<br \/>\n<strong>Tel, fax:<\/strong>\u00a0+36 (92) 511-777<br \/>\n<strong>Mobil:<\/strong>\u00a0\u00a0+36 30\/9946-627 (Gesch\u00e4ftsf\u00fchrer)<br \/>\n<strong>Mobil:<\/strong>\u00a0\u00a0+36 30\/9165-427 (QS Leiterin)<br \/>\n<strong>Webseite:<\/strong> www.metrolong.hu<\/p>\n<p><a title=\"mailto:konczol@metrolong.hu\" href=\"mailto:konczol@metrolong.hu\"><img loading=\"lazy\" decoding=\"async\" class=\"size-full wp-image-159 alignleft\" style=\"margin-right: 25px;\" src=\"http:\/\/www.metrolong.hu\/mtrlng17\/wp-content\/uploads\/elerhetosegek.jpg\" alt=\"Kontakt\" width=\"50\" height=\"83\" \/>konczol@metrolong.hu<\/a><br \/>\n<a title=\"mailto:info@metrolong.hu\" href=\"mailto:info@metrolong.hu\">info@metrolong.hu<\/a><\/p>\n<div class=\"gap\" style=\"height: 45px;\"><\/div>\n<h3 class=\"title\"><span>\u00d6ffnungszeit<\/span><\/h3>\n<p><i class=\"icon-time\"><\/i> <strong>Montag-Freitag:<\/strong> 7:30 \u2013 16:00<br \/>\n<i class=\"icon-time\"><\/i> geschlossen am Wochenende<\/p>\n","protected":false},"excerpt":{"rendered":"<p>Kontakt Postadresse: H-8900 Zalaegerszeg, G\u00e9b\u00e1rti \u00fat 87., Ungarn Tel, fax:\u00a0+36 (92) 511-777 Mobil:\u00a0\u00a0+36 30\/9946-627 (Gesch\u00e4ftsf\u00fchrer) Mobil:\u00a0\u00a0+36 30\/9165-427 (QS Leiterin) Webseite: www.metrolong.hu konczol@metrolong.hu info@metrolong.hu \u00d6ffnungszeit Montag-Freitag: 7:30 \u2013 16:00 geschlossen am\u2026 <a href=\"https:\/\/www.metrolong.hu\/de\/kontakt\/\" class=\"read-more-link\">weiterlesen &rarr;<\/a><\/p>\n","protected":false},"author":3,"featured_media":0,"parent":0,"menu_order":0,"comment_status":"closed","ping_status":"closed","template":"page-fullwidth.php","meta":{"footnotes":""},"_links":{"self":[{"href":"https:\/\/www.metrolong.hu\/de\/wp-json\/wp\/v2\/pages\/526"}],"collection":[{"href":"https:\/\/www.metrolong.hu\/de\/wp-json\/wp\/v2\/pages"}],"about":[{"href":"https:\/\/www.metrolong.hu\/de\/wp-json\/wp\/v2\/types\/page"}],"author":[{"embeddable":true,"href":"https:\/\/www.metrolong.hu\/de\/wp-json\/wp\/v2\/users\/3"}],"replies":[{"embeddable":true,"href":"https:\/\/www.metrolong.hu\/de\/wp-json\/wp\/v2\/comments?post=526"}],"version-history":[{"count":11,"href":"https:\/\/www.metrolong.hu\/de\/wp-json\/wp\/v2\/pages\/526\/revisions"}],"predecessor-version":[{"id":1167,"href":"https:\/\/www.metrolong.hu\/de\/wp-json\/wp\/v2\/pages\/526\/revisions\/1167"}],"wp:attachment":[{"href":"https:\/\/www.metrolong.hu\/de\/wp-json\/wp\/v2\/media?parent=526"}],"curies":[{"name":"wp","href":"https:\/\/api.w.org\/{rel}","templated":true}]}}