{"id":527,"date":"2014-02-27T08:53:03","date_gmt":"2014-02-27T08:53:03","guid":{"rendered":"http:\/\/www.metrolong.hu\/mtrlng17\/?page_id=527"},"modified":"2023-03-25T21:19:37","modified_gmt":"2023-03-25T21:19:37","slug":"firmeninformation","status":"publish","type":"page","link":"https:\/\/www.metrolong.hu\/de\/firmeninformation\/","title":{"rendered":"Firmeninformation"},"content":{"rendered":"<ul>\n<li><strong>Name:<\/strong> METROLONG Vertriebs- und Dienstleistung GmbH<img loading=\"lazy\" decoding=\"async\" class=\"size-full wp-image-147 alignright\" src=\"http:\/\/www.metrolong.hu\/mtrlng17\/wp-content\/uploads\/cegadatok.jpg\" alt=\"Firmeninformation\" width=\"144\" height=\"240\" \/><\/li>\n<li><strong>Gesch\u00e4ftsf\u00fchrer:<\/strong> Herr Jen\u0151 K\u00f6ncz\u00f6l<\/li>\n<li><strong>QS Leiterin:<\/strong> Frau Katalin K\u00f6ncz\u00f6ln\u00e9 Acz\u00e9l<\/li>\n<li><strong>Adresse:<\/strong>\u00a0H-8900 Zalaegerszeg, G\u00e9b\u00e1rti \u00fat 87., Ungarn<\/li>\n<li><strong>Eigentumsform:<\/strong>\u00a0Privat<\/li>\n<li><strong>Bankverbindung:<\/strong> Unicredit Bank 10918001-00000117-12880008<\/li>\n<\/ul>\n","protected":false},"excerpt":{"rendered":"<p>Name: METROLONG Vertriebs- und Dienstleistung GmbH Gesch\u00e4ftsf\u00fchrer: Herr Jen\u0151 K\u00f6ncz\u00f6l QS Leiterin: Frau Katalin K\u00f6ncz\u00f6ln\u00e9 Acz\u00e9l Adresse:\u00a0H-8900 Zalaegerszeg, G\u00e9b\u00e1rti \u00fat 87., Ungarn Eigentumsform:\u00a0Privat Bankverbindung: Unicredit Bank 10918001-00000117-12880008<\/p>\n","protected":false},"author":3,"featured_media":0,"parent":0,"menu_order":0,"comment_status":"closed","ping_status":"closed","template":"page-fullwidth.php","meta":{"footnotes":""},"_links":{"self":[{"href":"https:\/\/www.metrolong.hu\/de\/wp-json\/wp\/v2\/pages\/527"}],"collection":[{"href":"https:\/\/www.metrolong.hu\/de\/wp-json\/wp\/v2\/pages"}],"about":[{"href":"https:\/\/www.metrolong.hu\/de\/wp-json\/wp\/v2\/types\/page"}],"author":[{"embeddable":true,"href":"https:\/\/www.metrolong.hu\/de\/wp-json\/wp\/v2\/users\/3"}],"replies":[{"embeddable":true,"href":"https:\/\/www.metrolong.hu\/de\/wp-json\/wp\/v2\/comments?post=527"}],"version-history":[{"count":4,"href":"https:\/\/www.metrolong.hu\/de\/wp-json\/wp\/v2\/pages\/527\/revisions"}],"predecessor-version":[{"id":1150,"href":"https:\/\/www.metrolong.hu\/de\/wp-json\/wp\/v2\/pages\/527\/revisions\/1150"}],"wp:attachment":[{"href":"https:\/\/www.metrolong.hu\/de\/wp-json\/wp\/v2\/media?parent=527"}],"curies":[{"name":"wp","href":"https:\/\/api.w.org\/{rel}","templated":true}]}}