{"id":528,"date":"2014-02-27T08:52:43","date_gmt":"2014-02-27T08:52:43","guid":{"rendered":"http:\/\/www.metrolong.hu\/mtrlng17\/?page_id=528"},"modified":"2024-01-31T16:33:39","modified_gmt":"2024-01-31T15:33:39","slug":"kezdooldal","status":"publish","type":"page","link":"https:\/\/www.metrolong.hu\/de\/","title":{"rendered":"Hauptseite"},"content":{"rendered":"<p>&nbsp;<\/p>\n<p><span style=\"line-height: 1.5em;\"><\/p>\n<div class=\"one_third\"><\/span><\/p>\n<p><span class=\"responsive\"><img decoding=\"async\" style=\"margin-top: -15px;\" src=\"http:\/\/www.metrolong.hu\/mtrlng17\/wp-content\/uploads\/Logo_Karl_Deutsch_Pruf-_und_Messgeratebau.png\" alt=\"\" \/><\/span><\/p>\n<p>&nbsp;<\/p>\n<\/div>\n<div class=\"two_third last\">\n<h2 style=\"text-transform: uppercase; font-weight: 600;\">Karl Deutsch Vertretung in Ungarn<\/h2>\n<h3>Karl Deutsch ist der deutsche Spezialist f\u00fcr ZfP (zerst\u00f6rungsfreie Pr\u00fcfung), den wir in Ungarn vertreten. | <a href=\"https:\/\/www.karldeutsch.de\/\" target=\"_blank\" rel=\"noopener noreferrer\">Besuchen Sie unsere Partner-Website \u00bb<\/a><\/h3>\n<\/div>\n<div class=\"clear\"><\/div>\n<hr \/>\n<p><span style=\"line-height: 1.5em;\"><\/p>\n<div class=\"one_half\"><script type=\"text\/javascript\">\r\ndocument.addEventListener(\"DOMContentLoaded\", function(event) { \r\n\tjQuery( '#slider-pro-3-1458' ).sliderPro({\r\n\t\t\/\/width\r\n\t\t\t\twidth: 451,\r\n\t\t\t\t\r\n\t\t\/\/height\r\n\t\t\t\tautoHeight: true,\r\n\t\t\t\t\r\n\t\t\/\/auto play\r\n\t\t\t\tautoplay:  true,\r\n\t\tautoplayOnHover: 'none',\r\n\t\t\t\t\t\t\t\tautoplayDelay: 5000,\r\n\t\t\r\n\t\t\r\n\t\tarrows: true,\r\n\t\tbuttons: true,\r\n\t\tsmallSize: 500,\r\n\t\tmediumSize: 1000,\r\n\t\tlargeSize: 3000,\r\n\t\tfade: true,\r\n\t\t\r\n\t\t\/\/thumbnail\r\n\t\tthumbnailArrows: true,\r\n\t\tthumbnailWidth: 120,\r\n\t\tthumbnailHeight: 120,\r\n\t\t\t\t\t\tthumbnailsPosition: 'bottom',\r\n\t\t\t\t\t\tcenterImage: true,\r\n\t\timageScaleMode: 'contain',\r\n\t\tallowScaleUp: true,\r\n\t\t\t\tstartSlide: 0,\r\n\t\tloop: true,\r\n\t\tslideDistance: 5,\r\n\t\tautoplayDirection: 'normal',\r\n\t\ttouchSwipe: true,\r\n\t\tfullScreen: false,\r\n\t});\r\n});\r\n<\/script>\r\n<style>\r\n\/* Layout 3 *\/\r\n\/* border *\/\r\n#slider-pro-3-1458 .sp-selected-thumbnail {\r\n\tborder: 4px solid #000000;\r\n}\r\n\r\n\/* font + color *\/\r\n.title-in  {\r\n\tfont-family: Arial !important;\r\n\tcolor: #FFFFFF !important;\r\n\tbackground-color: #000000 !important;\r\n\topacity: 0.7 !important;\r\n}\r\n.desc-in  {\r\n\tfont-family: Arial !important;\r\n\tcolor: #FFFFFF !important;\r\n\tbackground-color: #00000 !important;\r\n\topacity: 0.7 !important;\r\n}\r\n\r\n\/* bullets color *\/\r\n.sp-button  {\r\n\tborder: 2px solid #000000 !important;\r\n}\r\n.sp-selected-button  {\r\n\tbackground-color: #000000 !important;\r\n}\r\n\r\n\/* pointer color - bottom *\/\r\n.sp-selected-thumbnail::before {\r\n\tborder-bottom: 5px solid #000000 !important;\r\n}\r\n.sp-selected-thumbnail::after {\r\n\tborder-bottom: 13px solid #000000 !important;\r\n}\r\n\r\n\/* pointer color - top *\/\r\n\r\n\/* full screen icon *\/\r\n.sp-full-screen-button::before {\r\n    color: #FFFFFF !important;\r\n}\r\n\r\n\/* hover navigation icon color *\/\r\n.sp-next-arrow::after, .sp-next-arrow::before {\r\n\tbackground-color: #FFFFFF !important;\r\n}\r\n.sp-previous-arrow::after, .sp-previous-arrow::before {\r\n\tbackground-color: #FFFFFF !important;\r\n}\r\n\r\n#slider-pro-3-1458 .title-in {\r\n\tcolor: #FFFFFF !important;\r\n\tfont-weight: bolder;\r\n\ttext-align: center;\r\n}\r\n\r\n#slider-pro-3-1458 .title-in-bg {\r\n\tbackground: rgba(255, 255, 255, 0.7); !important;\r\n\twhite-space: unset !important;\r\n\tmax-width: 90%;\r\n\tmin-width: 40%;\r\n\ttransform: initial !important;\r\n\t-webkit-transform: initial !important;\r\n\tfont-size: 14px !important;\r\n}\r\n\r\n#slider-pro-3-1458 .desc-in {\r\n\tcolor: #FFFFFF !important;\r\n\ttext-align: center;\r\n}\r\n#slider-pro-3-1458 .desc-in-bg {\r\n\tbackground: rgba(#00000, 0.7) !important;\r\n\twhite-space: unset !important;\r\n\twidth: 80% !important;\r\n\tmin-width: 30%;\r\n\ttransform: initial !important;\r\n\t-webkit-transform: initial !important;\r\n\tfont-size: 13px !important;\r\n}\r\n\r\n@media (max-width: 640px) {\r\n\t#slider-pro-3-1458 .hide-small-screen {\r\n\t\tdisplay: none;\r\n\t}\r\n}\r\n\r\n@media (max-width: 860px) {\r\n\t#slider-pro-3-1458 .sp-layer {\r\n\t\tfont-size: 18px;\r\n\t}\r\n\t\r\n\t#slider-pro-3-1458 .hide-medium-screen {\r\n\t\tdisplay: none;\r\n\t}\r\n}\r\n.slides-not-found {\r\n\tbackground-color: #a92929;\r\n\tborder-radius: 5px;\r\n\tcolor: #fff;\r\n\tfont-family: initial;\r\n\ttext-align: center;\r\n\tpadding:12px;\r\n}\r\n\/* Custom CSS *\/\r\n<\/style>\r\n\t\t<div id=\"slider-pro-3-1458\" class=\"slider-pro\">\r\n\t\t\t<!---- slides div start ---->\r\n\t\t\t<div class=\"sp-slides\">\r\n\t\t\t\t\t\t\t\t\t\t<div class=\"sp-slide\">\r\n\t\t\t\t\t\t\t<img decoding=\"async\" class=\"sp-image\" loading=\"lazy\" alt=\"haz\" src=\"https:\/\/www.metrolong.hu\/mtrlng17\/wp-content\/plugins\/ultimate-responsive-image-slider\/assets\/css\/images\/blank.gif\" data-src=\"https:\/\/www.metrolong.hu\/mtrlng17\/wp-content\/uploads\/haz-1.jpg\" \/>\r\n\r\n\t\t\t\t\t\t\t\r\n\t\t\t\t\t\t\t\t\t\t\t\t\t<\/div>\r\n\t\t\t\t\t\t\t\t\t\t\t\t<div class=\"sp-slide\">\r\n\t\t\t\t\t\t\t<img decoding=\"async\" class=\"sp-image\" loading=\"lazy\" alt=\"jeno-angol\" src=\"https:\/\/www.metrolong.hu\/mtrlng17\/wp-content\/plugins\/ultimate-responsive-image-slider\/assets\/css\/images\/blank.gif\" data-src=\"https:\/\/www.metrolong.hu\/mtrlng17\/wp-content\/uploads\/jeno-angol.jpg\" \/>\r\n\r\n\t\t\t\t\t\t\t\r\n\t\t\t\t\t\t\t\t\t\t\t\t\t<\/div>\r\n\t\t\t\t\t\t\t\t\t\t\t\t<div class=\"sp-slide\">\r\n\t\t\t\t\t\t\t<img decoding=\"async\" class=\"sp-image\" loading=\"lazy\" alt=\"kati-nemet\" src=\"https:\/\/www.metrolong.hu\/mtrlng17\/wp-content\/plugins\/ultimate-responsive-image-slider\/assets\/css\/images\/blank.gif\" data-src=\"https:\/\/www.metrolong.hu\/mtrlng17\/wp-content\/uploads\/kati-nemet.jpg\" \/>\r\n\r\n\t\t\t\t\t\t\t\r\n\t\t\t\t\t\t\t\t\t\t\t\t\t<\/div>\r\n\t\t\t\t\t\t\t\t\t\t\t\t<div class=\"sp-slide\">\r\n\t\t\t\t\t\t\t<img decoding=\"async\" class=\"sp-image\" loading=\"lazy\" alt=\"csaba-nemet\" src=\"https:\/\/www.metrolong.hu\/mtrlng17\/wp-content\/plugins\/ultimate-responsive-image-slider\/assets\/css\/images\/blank.gif\" data-src=\"https:\/\/www.metrolong.hu\/mtrlng17\/wp-content\/uploads\/csaba-nemet.jpg\" \/>\r\n\r\n\t\t\t\t\t\t\t\r\n\t\t\t\t\t\t\t\t\t\t\t\t\t<\/div>\r\n\t\t\t\t\t\t\t\t\t<\/div>\r\n\t\t\t\r\n\t\t\t<!---- slides div end ---->\r\n\t\t\t\t\t\t<!-- slides thumbnails div end -->\r\n\t\t<\/div>\r\n<\/div>\n<p><\/span><\/p>\n<div class=\"one_half last\">\n<div class=\"gap\" style=\"height: 10px;\"><\/div>\n<h3><span style=\"color: #333;\">\u00dcBER UNS<\/span><\/h3>\n<p style=\"text-align: justify;\">Die Firma METROLONG wurde im Jahre 1998 gegr\u00fcndet. Im Jahr 2000 sind wir als Einzelunternehmen registriert, mit dem Ziel seit Anfang an, um die Nachfrage \u00fcber die Kalibrierung und Materialpr\u00fcfung in der Region zu erf\u00fcllen. Am 15. Februar 2010, entwickelten wir in Einzelmitglied GmbH, und am 30. April 2013 haben wir in der Form einer GmbH ge\u00e4ndert.<\/p>\n<p align=\"justify\">Wir sind schneller aus der n\u00e4heren und es ist bequemer f\u00fcr unsere Kunden.<\/p>\n<p align=\"justify\">Wir bieten schnelle und pr\u00e4zise L\u00f6sungen f\u00fcr Ihre Kalibrierungen und Materialpr\u00fcfungen.<\/p>\n<\/div>\n<div class=\"clear\"><\/div>\n","protected":false},"excerpt":{"rendered":"<p>&nbsp; &nbsp; Karl Deutsch Vertretung in Ungarn Karl Deutsch ist der deutsche Spezialist f\u00fcr ZfP (zerst\u00f6rungsfreie Pr\u00fcfung), den wir in Ungarn vertreten. | Besuchen Sie unsere Partner-Website \u00bb \u00dcBER UNS\u2026 <a href=\"https:\/\/www.metrolong.hu\/de\/?p=1458\" class=\"read-more-link\">weiterlesen &rarr;<\/a><\/p>\n","protected":false},"author":3,"featured_media":0,"parent":0,"menu_order":0,"comment_status":"closed","ping_status":"closed","template":"page-fullwidth.php","meta":{"footnotes":""},"_links":{"self":[{"href":"https:\/\/www.metrolong.hu\/de\/wp-json\/wp\/v2\/pages\/528"}],"collection":[{"href":"https:\/\/www.metrolong.hu\/de\/wp-json\/wp\/v2\/pages"}],"about":[{"href":"https:\/\/www.metrolong.hu\/de\/wp-json\/wp\/v2\/types\/page"}],"author":[{"embeddable":true,"href":"https:\/\/www.metrolong.hu\/de\/wp-json\/wp\/v2\/users\/3"}],"replies":[{"embeddable":true,"href":"https:\/\/www.metrolong.hu\/de\/wp-json\/wp\/v2\/comments?post=528"}],"version-history":[{"count":7,"href":"https:\/\/www.metrolong.hu\/de\/wp-json\/wp\/v2\/pages\/528\/revisions"}],"predecessor-version":[{"id":1465,"href":"https:\/\/www.metrolong.hu\/de\/wp-json\/wp\/v2\/pages\/528\/revisions\/1465"}],"wp:attachment":[{"href":"https:\/\/www.metrolong.hu\/de\/wp-json\/wp\/v2\/media?parent=528"}],"curies":[{"name":"wp","href":"https:\/\/api.w.org\/{rel}","templated":true}]}}