{"id":819,"date":"2014-04-18T20:06:01","date_gmt":"2014-04-18T20:06:01","guid":{"rendered":"http:\/\/www.metrolong.hu\/mtrlng17\/?page_id=819"},"modified":"2020-01-17T14:26:55","modified_gmt":"2020-01-17T14:26:55","slug":"materialprufung","status":"publish","type":"page","link":"https:\/\/www.metrolong.hu\/de\/materialprufung\/","title":{"rendered":"Materialpr\u00fcfung"},"content":{"rendered":"<div class=\"one_third\">\n<h2>Werkstoffpr\u00fcfung<\/h2>\n<ul>\n<li><strong>Zugversuch, Bruchtest, Biegeprobe<\/strong>,<\/li>\n<li><strong>KBZ Pr\u00fcfung<\/strong> von + 20 \u00b0C bis \u2013 40 \u00b0C<\/li>\n<li><strong>H\u00e4rtepr\u00fcfung<\/strong> (HB, HV, HRC)<\/li>\n<li><strong>Makropr\u00fcfung<\/strong> (mit Schliff, mit \u00c4tze, mit Photo)<\/li>\n<\/ul>\n<p style=\"text-align: center;\"><span class=\"responsive\"><img decoding=\"async\" class=\"aligncenter\" title=\"Werkstoffpr\u00fcfung\" alt=\"Werkstoffpr\u00fcfung\" src=\"http:\/\/www.metrolong.hu\/mtrlng17\/wp-content\/uploads\/roncsolas-01.jpg\" width=\"250px\" height=\"345\" \/><strong><\/strong><\/p>\n<p style=\"text-align: center;\"><strong>Werkstoffpr\u00fcfung<\/strong><\/p>\n<p style=\"text-align: center;\"><\/span><\/p>\n<p style=\"text-align: center;\"><span class=\"responsive\"><img decoding=\"async\" class=\"aligncenter\" title=\"Werkstoffpr\u00fcfung\" alt=\"Werkstoffpr\u00fcfung\" src=\"http:\/\/www.metrolong.hu\/mtrlng17\/wp-content\/uploads\/roncsolas-02.jpg\" width=\"250px\" height=\"316\" \/><strong><br \/>\nWerkstoffpr\u00fcfung<\/strong><\/p>\n<p style=\"text-align: center;\"><\/span><\/p>\n<p>&nbsp;<\/p>\n<\/div>\n<div class=\"two_third last\">\n<p style=\"text-align: center;\"><span class=\"responsive\"><img decoding=\"async\" class=\"aligncenter\" title=\"Werkstoffpr\u00fcfung\" alt=\"Werkstoffpr\u00fcfung\" src=\"http:\/\/www.metrolong.hu\/mtrlng17\/wp-content\/uploads\/roncsolasmentesites-01.jpg\" width=\"500px\" height=\"337\" \/><\/p>\n<p style=\"text-align: center;\"><strong>Zerst\u00f6rungsfreie Materialpr\u00fcfung (ZfP)<\/strong><\/p>\n<p style=\"text-align: center;\"><\/span><\/p>\n<h2>Zerst\u00f6rungsfreie Materialpr\u00fcfung (ZfP)<\/h2>\n<ul>\n<li><strong>Spektralanalyse<\/strong>, Bestimmung von Legierungsmetallen.<\/li>\n<li><strong>Magnetische Risspr\u00fcfung<\/strong> von magnetisierbaren Metalloberfl\u00e4chen und Oberfl\u00e4chennahen Teilen mit Jochmagnet, mit Hilfe von MT-2 Pr\u00fcfern.<\/li>\n<li><strong>Sichtpr\u00fcfung<\/strong> von Produkten, Apparaten, Schwei\u00dfn\u00e4hten, mit Hilfe von Hilfsmitteln, mit VT-2 Pr\u00fcfern.<\/li>\n<li><strong>Fl\u00fcssigkeit Penetrationstest<\/strong>, vor allem zur Festlegung von Fl\u00e4chenfehlern von Schwei\u00dfn\u00e4hten, mit PT-2 Pr\u00fcfern<\/li>\n<li><strong>Ultraschallpr\u00fcfung<\/strong>.\n<ul>\n<li>Pr\u00fcfung von metallischen Werkstoffen und Schwei\u00dfn\u00e4hten, mit Hilfe von UT-2 und UT-3 Pr\u00fcfern.<\/li>\n<\/ul>\n<\/li>\n<li>Unsere Pr\u00fcfungsexperten besitzen das Zertifikat gem. MSZ EN ISO 473, das den PED Vorschriften entspricht.<\/li>\n<\/ul>\n<p><span class=\"responsive\"><img decoding=\"async\" class=\"aligncenter\" title=\"Zerst\u00f6rungsfreie Materialpr\u00fcfung (ZfP\" alt=\"Zerst\u00f6rungsfreie Materialpr\u00fcfung (ZfP)\" src=\"http:\/\/www.metrolong.hu\/mtrlng17\/wp-content\/uploads\/roncsolasmentesites-021.jpg\" width=\"500px\" height=\"375\" \/><\/p>\n<p style=\"text-align: center;\"><strong><span style=\"line-height: 1.5em;\">Zerst\u00f6rungsfreie Materialpr\u00fcfung (ZfP)<\/span><\/strong><\/p>\n<p><\/span>\n<\/div>\n<div class=\"clear\"><\/div>\n","protected":false},"excerpt":{"rendered":"<p>Werkstoffpr\u00fcfung Zugversuch, Bruchtest, Biegeprobe, KBZ Pr\u00fcfung von + 20 \u00b0C bis \u2013 40 \u00b0C H\u00e4rtepr\u00fcfung (HB, HV, HRC) Makropr\u00fcfung (mit Schliff, mit \u00c4tze, mit Photo) Werkstoffpr\u00fcfung Werkstoffpr\u00fcfung &nbsp; Zerst\u00f6rungsfreie Materialpr\u00fcfung\u2026 <a href=\"https:\/\/www.metrolong.hu\/de\/materialprufung\/\" class=\"read-more-link\">weiterlesen &rarr;<\/a><\/p>\n","protected":false},"author":3,"featured_media":0,"parent":0,"menu_order":0,"comment_status":"closed","ping_status":"closed","template":"page-fullwidth.php","meta":{"footnotes":""},"_links":{"self":[{"href":"https:\/\/www.metrolong.hu\/de\/wp-json\/wp\/v2\/pages\/819"}],"collection":[{"href":"https:\/\/www.metrolong.hu\/de\/wp-json\/wp\/v2\/pages"}],"about":[{"href":"https:\/\/www.metrolong.hu\/de\/wp-json\/wp\/v2\/types\/page"}],"author":[{"embeddable":true,"href":"https:\/\/www.metrolong.hu\/de\/wp-json\/wp\/v2\/users\/3"}],"replies":[{"embeddable":true,"href":"https:\/\/www.metrolong.hu\/de\/wp-json\/wp\/v2\/comments?post=819"}],"version-history":[{"count":4,"href":"https:\/\/www.metrolong.hu\/de\/wp-json\/wp\/v2\/pages\/819\/revisions"}],"predecessor-version":[{"id":1001,"href":"https:\/\/www.metrolong.hu\/de\/wp-json\/wp\/v2\/pages\/819\/revisions\/1001"}],"wp:attachment":[{"href":"https:\/\/www.metrolong.hu\/de\/wp-json\/wp\/v2\/media?parent=819"}],"curies":[{"name":"wp","href":"https:\/\/api.w.org\/{rel}","templated":true}]}}