{"id":500,"date":"2014-03-13T11:24:43","date_gmt":"2014-03-13T11:24:43","guid":{"rendered":"http:\/\/www.metrolong.hu\/mtrlng17\/?page_id=500"},"modified":"2014-04-18T21:02:05","modified_gmt":"2014-04-18T21:02:05","slug":"trade-of-material-testing-materials-distribution","status":"publish","type":"page","link":"https:\/\/www.metrolong.hu\/en\/trading\/trade-of-material-testing-materials-distribution\/","title":{"rendered":"Trade of material testing materials (distribution)"},"content":{"rendered":"<div class=\"two_third\">\n<h2>X-ray films and chemicals:<\/h2>\n<p>&#8211; from Kodak<br \/>\n&#8211; Developers and fixatives from Tetenal<\/p>\n<\/div>\n<div class=\"one_third last\">\n<p><img loading=\"lazy\" decoding=\"async\" class=\"alignright size-full wp-image-353\" alt=\"rontgenfilm\" src=\"http:\/\/www.metrolong.hu\/mtrlng17\/wp-content\/uploads\/rontgenfilm.jpg\" width=\"350\" height=\"191\" srcset=\"https:\/\/www.metrolong.hu\/mtrlng17\/wp-content\/uploads\/rontgenfilm.jpg 350w, https:\/\/www.metrolong.hu\/mtrlng17\/wp-content\/uploads\/rontgenfilm-300x163.jpg 300w\" sizes=\"(max-width: 350px) 100vw, 350px\" \/><\/p>\n<\/div>\n<div class=\"clear\"><\/div>\n<div class=\"hr hr3\" style='margin:10px 0px 10px 0px !important;'><\/div>\n<p>&nbsp;<\/p>\n<div class=\"two_third\">\n<h2>Fest\u00e9kes reped\u00e9svizsg\u00e1l\u00f3 anyagok:<\/h2>\n<p>&#8211; Dyes, liquid and fluorescent penetrants for magnetic particle flaw detection from Karl Deutsch (Fluxa)\n<\/p><\/div>\n<div class=\"one_third last\">\n<p><img loading=\"lazy\" decoding=\"async\" class=\"alignright size-full wp-image-329\" alt=\"Vizsg\u00e1l\u00f3anyagok\" src=\"http:\/\/www.metrolong.hu\/mtrlng17\/wp-content\/uploads\/vizsgaloanyagok.jpg\" width=\"282\" height=\"204\" \/><\/p>\n<\/div>\n<div class=\"clear\"><\/div>\n","protected":false},"excerpt":{"rendered":"<p>X-ray films and chemicals: &#8211; from Kodak &#8211; Developers and fixatives from Tetenal &nbsp; Fest\u00e9kes reped\u00e9svizsg\u00e1l\u00f3 anyagok: &#8211; Dyes, liquid and fluorescent penetrants for magnetic particle flaw detection from Karl\u2026 <a href=\"https:\/\/www.metrolong.hu\/en\/trading\/trade-of-material-testing-materials-distribution\/\" class=\"read-more-link\">read more &rarr;<\/a><\/p>\n","protected":false},"author":3,"featured_media":0,"parent":826,"menu_order":0,"comment_status":"closed","ping_status":"closed","template":"page-fullwidth.php","meta":{"footnotes":""},"_links":{"self":[{"href":"https:\/\/www.metrolong.hu\/en\/wp-json\/wp\/v2\/pages\/500"}],"collection":[{"href":"https:\/\/www.metrolong.hu\/en\/wp-json\/wp\/v2\/pages"}],"about":[{"href":"https:\/\/www.metrolong.hu\/en\/wp-json\/wp\/v2\/types\/page"}],"author":[{"embeddable":true,"href":"https:\/\/www.metrolong.hu\/en\/wp-json\/wp\/v2\/users\/3"}],"replies":[{"embeddable":true,"href":"https:\/\/www.metrolong.hu\/en\/wp-json\/wp\/v2\/comments?post=500"}],"version-history":[{"count":2,"href":"https:\/\/www.metrolong.hu\/en\/wp-json\/wp\/v2\/pages\/500\/revisions"}],"predecessor-version":[{"id":602,"href":"https:\/\/www.metrolong.hu\/en\/wp-json\/wp\/v2\/pages\/500\/revisions\/602"}],"up":[{"embeddable":true,"href":"https:\/\/www.metrolong.hu\/en\/wp-json\/wp\/v2\/pages\/826"}],"wp:attachment":[{"href":"https:\/\/www.metrolong.hu\/en\/wp-json\/wp\/v2\/media?parent=500"}],"curies":[{"name":"wp","href":"https:\/\/api.w.org\/{rel}","templated":true}]}}