{"id":501,"date":"2014-03-13T11:23:41","date_gmt":"2014-03-13T11:23:41","guid":{"rendered":"http:\/\/www.metrolong.hu\/mtrlng17\/?page_id=501"},"modified":"2020-01-22T09:31:50","modified_gmt":"2020-01-22T09:31:50","slug":"trade-of-material-testing-devices","status":"publish","type":"page","link":"https:\/\/www.metrolong.hu\/en\/trading\/trade-of-material-testing-devices\/","title":{"rendered":"Trade of material testing devices"},"content":{"rendered":"<p style=\"text-align: justify;\">As result of our cooperation, we can distribute all of the products with no extra charge. Owing to our inventory management, we can serve our customers quickly and flexibly.<\/p>\n<p><h3 class=\"title\"><span>Ultrasonic and magnetic material testing devices from Karl Deutsch<\/span><\/h3><div class=\"latest-portfolio negative-wrap\"><div class=\"portfolio-item four columns\"><div class=\"portfolio-it\">\n\t\t\t\t  \t\t<a href=\"https:\/\/www.metrolong.hu\/mtrlng17\/wp-content\/uploads\/anyagvizsgalo-eszkozok-01.jpg\" class=\"prettyPhoto\" rel=\"prettyPhoto[portfolio]\" title=\"Material testing instrument\"><span class=\"portfolio-pic\"><img decoding=\"async\" src=\"https:\/\/www.metrolong.hu\/mtrlng17\/wp-content\/uploads\/anyagvizsgalo-eszkozok-01.jpg\" \/><div class=\"portfolio-overlay\"><span class=\"overlay-lightbox\"><\/span><\/div><\/span><\/a>\n\t\t\t\t  \t\t<a href=\"https:\/\/www.metrolong.hu\/en\/portfolio-item\/anyagvizsgalo-eszkozok\/\" title=\"Material testing instrument\" class=\"portfolio-title\"><h4>Material testing instrument<\/h4><span>...<\/span><\/a>\n\t\t\t\t  \t<\/div><\/div><div class=\"portfolio-item four columns\"><div class=\"portfolio-it\">\n\t\t\t\t  \t\t<a href=\"https:\/\/www.metrolong.hu\/mtrlng17\/wp-content\/uploads\/anyagvizsgalo-eszkozok-02.jpg\" class=\"prettyPhoto\" rel=\"prettyPhoto[portfolio]\" title=\"Material testing instrument\"><span class=\"portfolio-pic\"><img decoding=\"async\" src=\"https:\/\/www.metrolong.hu\/mtrlng17\/wp-content\/uploads\/anyagvizsgalo-eszkozok-02.jpg\" \/><div class=\"portfolio-overlay\"><span class=\"overlay-lightbox\"><\/span><\/div><\/span><\/a>\n\t\t\t\t  \t\t<a href=\"https:\/\/www.metrolong.hu\/en\/portfolio-item\/anyagvizsgalo-eszkozok-2\/\" title=\"Material testing instrument\" class=\"portfolio-title\"><h4>Material testing instrument<\/h4><span>...<\/span><\/a>\n\t\t\t\t  \t<\/div><\/div><div class=\"portfolio-item four columns\"><div class=\"portfolio-it\">\n\t\t\t\t  \t\t<a href=\"https:\/\/www.metrolong.hu\/mtrlng17\/wp-content\/uploads\/anyagvizsgalo-eszkozok-03.jpg\" class=\"prettyPhoto\" rel=\"prettyPhoto[portfolio]\" title=\"Material testing instrument\"><span class=\"portfolio-pic\"><img decoding=\"async\" src=\"https:\/\/www.metrolong.hu\/mtrlng17\/wp-content\/uploads\/anyagvizsgalo-eszkozok-03.jpg\" \/><div class=\"portfolio-overlay\"><span class=\"overlay-lightbox\"><\/span><\/div><\/span><\/a>\n\t\t\t\t  \t\t<a href=\"https:\/\/www.metrolong.hu\/en\/portfolio-item\/anyagvizsgalo-eszkozok-3\/\" title=\"Material testing instrument\" class=\"portfolio-title\"><h4>Material testing instrument<\/h4><span>...<\/span><\/a>\n\t\t\t\t  \t<\/div><\/div><div class=\"portfolio-item four columns\"><div class=\"portfolio-it\">\n\t\t\t\t  \t\t<a href=\"https:\/\/www.metrolong.hu\/mtrlng17\/wp-content\/uploads\/ultrahangos-vizsgalofejek.jpg\" class=\"prettyPhoto\" rel=\"prettyPhoto[portfolio]\" title=\"Ultrasonic probes\"><span class=\"portfolio-pic\"><img decoding=\"async\" src=\"https:\/\/www.metrolong.hu\/mtrlng17\/wp-content\/uploads\/ultrahangos-vizsgalofejek.jpg\" \/><div class=\"portfolio-overlay\"><span class=\"overlay-lightbox\"><\/span><\/div><\/span><\/a>\n\t\t\t\t  \t\t<a href=\"https:\/\/www.metrolong.hu\/en\/portfolio-item\/ultrahangos-vizsgalofejek\/\" title=\"Ultrasonic probes\" class=\"portfolio-title\"><h4>Ultrasonic probes<\/h4><span>...<\/span><\/a>\n\t\t\t\t  \t<\/div><\/div><\/div><div class=\"clear\"><\/div><br \/>\n<img decoding=\"async\" class=\"aligncenter\" alt=\"Hosszm\u00e9r\u00e9si szolg\u00e1ltat\u00e1s title=\" align=\"center\" src=\"http:\/\/www.metrolong.hu\/mtrlng17\/wp-content\/uploads\/fgjfgjfj.jpg\" height=\"238\"\/><\/p>\n","protected":false},"excerpt":{"rendered":"<p>As result of our cooperation, we can distribute all of the products with no extra charge. Owing to our inventory management, we can serve our customers quickly and flexibly.<\/p>\n","protected":false},"author":3,"featured_media":0,"parent":826,"menu_order":0,"comment_status":"closed","ping_status":"closed","template":"page-fullwidth.php","meta":{"footnotes":""},"_links":{"self":[{"href":"https:\/\/www.metrolong.hu\/en\/wp-json\/wp\/v2\/pages\/501"}],"collection":[{"href":"https:\/\/www.metrolong.hu\/en\/wp-json\/wp\/v2\/pages"}],"about":[{"href":"https:\/\/www.metrolong.hu\/en\/wp-json\/wp\/v2\/types\/page"}],"author":[{"embeddable":true,"href":"https:\/\/www.metrolong.hu\/en\/wp-json\/wp\/v2\/users\/3"}],"replies":[{"embeddable":true,"href":"https:\/\/www.metrolong.hu\/en\/wp-json\/wp\/v2\/comments?post=501"}],"version-history":[{"count":4,"href":"https:\/\/www.metrolong.hu\/en\/wp-json\/wp\/v2\/pages\/501\/revisions"}],"predecessor-version":[{"id":1018,"href":"https:\/\/www.metrolong.hu\/en\/wp-json\/wp\/v2\/pages\/501\/revisions\/1018"}],"up":[{"embeddable":true,"href":"https:\/\/www.metrolong.hu\/en\/wp-json\/wp\/v2\/pages\/826"}],"wp:attachment":[{"href":"https:\/\/www.metrolong.hu\/en\/wp-json\/wp\/v2\/media?parent=501"}],"curies":[{"name":"wp","href":"https:\/\/api.w.org\/{rel}","templated":true}]}}