{"id":510,"date":"2014-02-27T08:53:22","date_gmt":"2014-02-27T08:53:22","guid":{"rendered":"http:\/\/www.metrolong.hu\/mtrlng17\/?page_id=510"},"modified":"2023-03-29T09:58:42","modified_gmt":"2023-03-29T09:58:42","slug":"contact","status":"publish","type":"page","link":"https:\/\/www.metrolong.hu\/en\/contact\/","title":{"rendered":"Contact"},"content":{"rendered":"<div class=\"google-maps\">\n<iframe src=\"https:\/\/www.google.com\/maps\/embed?pb=!1m18!1m12!1m3!1d2728.3252190236344!2d16.822573315803048!3d46.856971979142145!2m3!1f0!2f0!3f0!3m2!1i1024!2i768!4f13.1!3m3!1m2!1s0x476929b164fad41b%3A0xad5ab8bb79ba5998!2sMetrolong%20Kalibr%C3%A1l%C3%B3%20laborat%C3%B3rium!5e0!3m2!1shu!2shu!4v1680083133246!5m2!1shu!2shu\" width=\"100%\" height=\"300\" style=\"border:0;\" allowfullscreen=\"\" loading=\"lazy\" referrerpolicy=\"no-referrer-when-downgrade\"><\/iframe>\n<\/div>\n<div class=\"gap\" style=\"height: 40px;\"><\/div>\n<h3 class=\"title\"><span>Contact<\/span><\/h3>\n<p><strong>Mailing address:\u00a0<\/strong>8900. Zalaegerszeg, G\u00e9b\u00e1rti \u00fat 87.<br \/>\n<strong>Phone, fax:<\/strong>\u00a0+36 (92) 511-777<br \/>\n<strong>Mobile:<\/strong>\u00a0\u00a0+36 30\/9946-627 (managing director)<br \/>\n<strong>Mobile:<\/strong>\u00a0\u00a0+36 30\/9165-427 (head of quality management)<br \/>\n<strong>Website: <\/strong>www.metrolong.hu<\/p>\n<p><a title=\"mailto:konczol@metrolong.hu\" href=\"mailto:konczol@metrolong.hu\"><img loading=\"lazy\" decoding=\"async\" class=\"size-full wp-image-159 alignleft\" style=\"margin-right: 25px;\" src=\"http:\/\/www.metrolong.hu\/mtrlng17\/wp-content\/uploads\/elerhetosegek.jpg\" alt=\"El\u00e9rhet\u0151s\u00e9g\" width=\"50\" height=\"83\" \/>konczol@metrolong.hu<\/a><br \/>\n<a title=\"mailto:info@metrolong.hu\" href=\"mailto:info@metrolong.hu\">info@metrolong.hu<\/a><\/p>\n<div class=\"gap\" style=\"height: 45px;\"><\/div>\n<h3 class=\"title\"><span>Opening hours<\/span><\/h3>\n<p><i class=\"icon-time\"><\/i> <strong>Monday-Friday:<\/strong> 7:30 &#8211; 16:00<br \/>\n<i class=\"icon-time\"><\/i> closed at weekends<\/p>\n","protected":false},"excerpt":{"rendered":"<p>Contact Mailing address:\u00a08900. Zalaegerszeg, G\u00e9b\u00e1rti \u00fat 87. Phone, fax:\u00a0+36 (92) 511-777 Mobile:\u00a0\u00a0+36 30\/9946-627 (managing director) Mobile:\u00a0\u00a0+36 30\/9165-427 (head of quality management) Website: www.metrolong.hu konczol@metrolong.hu info@metrolong.hu Opening hours Monday-Friday: 7:30 &#8211;\u2026 <a href=\"https:\/\/www.metrolong.hu\/en\/contact\/\" class=\"read-more-link\">read more &rarr;<\/a><\/p>\n","protected":false},"author":3,"featured_media":0,"parent":0,"menu_order":0,"comment_status":"closed","ping_status":"closed","template":"page-fullwidth.php","meta":{"footnotes":""},"_links":{"self":[{"href":"https:\/\/www.metrolong.hu\/en\/wp-json\/wp\/v2\/pages\/510"}],"collection":[{"href":"https:\/\/www.metrolong.hu\/en\/wp-json\/wp\/v2\/pages"}],"about":[{"href":"https:\/\/www.metrolong.hu\/en\/wp-json\/wp\/v2\/types\/page"}],"author":[{"embeddable":true,"href":"https:\/\/www.metrolong.hu\/en\/wp-json\/wp\/v2\/users\/3"}],"replies":[{"embeddable":true,"href":"https:\/\/www.metrolong.hu\/en\/wp-json\/wp\/v2\/comments?post=510"}],"version-history":[{"count":6,"href":"https:\/\/www.metrolong.hu\/en\/wp-json\/wp\/v2\/pages\/510\/revisions"}],"predecessor-version":[{"id":1166,"href":"https:\/\/www.metrolong.hu\/en\/wp-json\/wp\/v2\/pages\/510\/revisions\/1166"}],"wp:attachment":[{"href":"https:\/\/www.metrolong.hu\/en\/wp-json\/wp\/v2\/media?parent=510"}],"curies":[{"name":"wp","href":"https:\/\/api.w.org\/{rel}","templated":true}]}}