{"id":511,"date":"2014-02-27T08:53:03","date_gmt":"2014-02-27T08:53:03","guid":{"rendered":"http:\/\/www.metrolong.hu\/mtrlng17\/?page_id=511"},"modified":"2023-03-25T21:19:20","modified_gmt":"2023-03-25T21:19:20","slug":"firmdata","status":"publish","type":"page","link":"https:\/\/www.metrolong.hu\/en\/firmdata\/","title":{"rendered":"Firmdata"},"content":{"rendered":"<ul>\n<li><strong>Name:<\/strong>\u00a0Metrolong Commercial and Service Ltd.<img loading=\"lazy\" decoding=\"async\" class=\"size-full wp-image-147 alignright\" src=\"http:\/\/www.metrolong.hu\/mtrlng17\/wp-content\/uploads\/cegadatok.jpg\" alt=\"Firmdata\" width=\"144\" height=\"240\" \/><\/li>\n<li><strong>Managing Director:<\/strong> Mr. Jen\u0151 K\u00f6ncz\u00f6l<\/li>\n<li><strong>Head of Quality Management:<\/strong> Mrs. K\u00f6ncz\u00f6l, Katalin Acz\u00e9l<\/li>\n<li><strong>Address:<\/strong>\u00a0Hungary, 8900, Zalaegerszeg, G\u00e9b\u00e1rti \u00fat 87.<\/li>\n<li><strong>Form of ownership:<\/strong>\u00a0private property<\/li>\n<li><strong>Bank account:<\/strong> Unicredit Bank 10918001-00000117-12880008<\/li>\n<\/ul>\n","protected":false},"excerpt":{"rendered":"<p>Name:\u00a0Metrolong Commercial and Service Ltd. Managing Director: Mr. Jen\u0151 K\u00f6ncz\u00f6l Head of Quality Management: Mrs. K\u00f6ncz\u00f6l, Katalin Acz\u00e9l Address:\u00a0Hungary, 8900, Zalaegerszeg, G\u00e9b\u00e1rti \u00fat 87. Form of ownership:\u00a0private property Bank account:\u2026 <a href=\"https:\/\/www.metrolong.hu\/en\/firmdata\/\" class=\"read-more-link\">read more &rarr;<\/a><\/p>\n","protected":false},"author":3,"featured_media":0,"parent":0,"menu_order":0,"comment_status":"closed","ping_status":"closed","template":"page-fullwidth.php","meta":{"footnotes":""},"_links":{"self":[{"href":"https:\/\/www.metrolong.hu\/en\/wp-json\/wp\/v2\/pages\/511"}],"collection":[{"href":"https:\/\/www.metrolong.hu\/en\/wp-json\/wp\/v2\/pages"}],"about":[{"href":"https:\/\/www.metrolong.hu\/en\/wp-json\/wp\/v2\/types\/page"}],"author":[{"embeddable":true,"href":"https:\/\/www.metrolong.hu\/en\/wp-json\/wp\/v2\/users\/3"}],"replies":[{"embeddable":true,"href":"https:\/\/www.metrolong.hu\/en\/wp-json\/wp\/v2\/comments?post=511"}],"version-history":[{"count":4,"href":"https:\/\/www.metrolong.hu\/en\/wp-json\/wp\/v2\/pages\/511\/revisions"}],"predecessor-version":[{"id":1149,"href":"https:\/\/www.metrolong.hu\/en\/wp-json\/wp\/v2\/pages\/511\/revisions\/1149"}],"wp:attachment":[{"href":"https:\/\/www.metrolong.hu\/en\/wp-json\/wp\/v2\/media?parent=511"}],"curies":[{"name":"wp","href":"https:\/\/api.w.org\/{rel}","templated":true}]}}